{"id":1633,"date":"2025-02-19T23:17:35","date_gmt":"2025-02-19T22:17:35","guid":{"rendered":"https:\/\/www.instapack.es\/?page_id=1633"},"modified":"2025-02-19T23:36:03","modified_gmt":"2025-02-19T22:36:03","slug":"informacion","status":"publish","type":"page","link":"https:\/\/www.instapack.es\/en\/informacion","title":{"rendered":"informacion"},"content":{"rendered":"<p style=\"text-align: center;\"><strong><img loading=\"lazy\" class=\"alignnone size-medium wp-image-1563\" src=\"https:\/\/www.instapack.es\/wp-content\/uploads\/2022\/02\/logo-300x76.png\" alt=\"\" width=\"300\" height=\"76\" \/><\/strong><\/p>\n<h2 style=\"text-align: center;\"><strong>POL\u00cdTICA DE SEGURIDAD DE LA INFORMACI\u00d3N<\/strong><\/h2>\n<p>&nbsp;<\/p>\n<p>El objeto de esta pol\u00edtica es alcanzar una protecci\u00f3n adecuada de la informaci\u00f3n de INSTAPACK<br \/>\npreservando los siguientes principios de la seguridad:<\/p>\n<ul>\n<li><u><b>Confidencialidad:<\/b><\/u> garantizar que la informaci\u00f3n sea accesible s\u00f3lo para quien est\u00e9 autorizado a tener acceso a la misma.<\/li>\n<li><u><b>Integridad:<\/b><\/u> garantizar la exactitud y completitud de la informaci\u00f3n y de los m\u00e9todos de su procesamiento.<\/li>\n<li><u><b>Disponibilidad:<\/b><\/u> garantizar que los usuarios autorizados tienen acceso cuando lo requieran a la informaci\u00f3n y sus activos asociados.<\/li>\n<li><u><b>Mejora continua<\/b> del sistema de gesti\u00f3n<\/u><\/li>\n<\/ul>\n<p>Estos principios b\u00e1sicos se deben preservar y asegurar en cualquiera de las formas que adopte la informaci\u00f3n, ya sea en formato electr\u00f3nico, manual, impreso, visual o hablado, e independientemente de que sea tratada en las dependencias de INSTAPACK o fuera de ellas.As\u00ed mismo, estos principios se deber\u00e1n contemplar en las siguientes \u00e1reas de seguridad:<\/p>\n<ul>\n<li style=\"list-style-type: none;\">\n<ul>\n<li><u><b>F\u00edsica:<\/b><\/u> Comprendiendo la seguridad de las dependencias, instalaciones, sistemas hardware, soportes y cualquier activo de naturaleza f\u00edsica que trate o pueda tratar informaci\u00f3n.<\/li>\n<li><u><b>L\u00f3gica:<\/b><\/u> Incluyendo los aspectos de protecci\u00f3n de aplicaciones, redes y prototipos de comunicaci\u00f3n electr\u00f3nica y sistemas inform\u00e1ticos.<\/li>\n<li><u><b>Pol\u00edtico-corporativa:<\/b><\/u> Formada por los aspectos de seguridad relativos a la propia organizaci\u00f3n, a las normas internas, regulaciones y normativa legal.<\/li>\n<\/ul>\n<p>INSTAPACK cuenta con un procedimiento establecido de identificaci\u00f3n y evaluaci\u00f3n de riesgos.<\/p>\n<p>Adem\u00e1s, en el propio informe de an\u00e1lisis y gesti\u00f3n de riesgos se identifican los criterios de evaluaci\u00f3n de riesgos que se han tomado en consideraci\u00f3n, as\u00ed como el riesgo residual que asume la Direcci\u00f3n.<\/p>\n<p style=\"text-align: center;\"><strong>Fdo. La Direcci\u00f3n<\/strong><\/p>\n<p style=\"text-align: center;\"><strong>28\/12\/2021<\/strong><\/p>\n","protected":false},"excerpt":{"rendered":"<p>POL\u00cdTICA DE SEGURIDAD DE LA INFORMACI\u00d3N &nbsp; El objeto de esta pol\u00edtica es alcanzar una protecci\u00f3n adecuada de la informaci\u00f3n de INSTAPACK preservando los siguientes principios de la seguridad: Confidencialidad:&#8230;<\/p>\n","protected":false},"author":1,"featured_media":0,"parent":0,"menu_order":0,"comment_status":"closed","ping_status":"closed","template":"template-no-footer.php","meta":[],"_links":{"self":[{"href":"https:\/\/www.instapack.es\/en\/wp-json\/wp\/v2\/pages\/1633"}],"collection":[{"href":"https:\/\/www.instapack.es\/en\/wp-json\/wp\/v2\/pages"}],"about":[{"href":"https:\/\/www.instapack.es\/en\/wp-json\/wp\/v2\/types\/page"}],"author":[{"embeddable":true,"href":"https:\/\/www.instapack.es\/en\/wp-json\/wp\/v2\/users\/1"}],"replies":[{"embeddable":true,"href":"https:\/\/www.instapack.es\/en\/wp-json\/wp\/v2\/comments?post=1633"}],"version-history":[{"count":18,"href":"https:\/\/www.instapack.es\/en\/wp-json\/wp\/v2\/pages\/1633\/revisions"}],"predecessor-version":[{"id":1644,"href":"https:\/\/www.instapack.es\/en\/wp-json\/wp\/v2\/pages\/1633\/revisions\/1644"}],"wp:attachment":[{"href":"https:\/\/www.instapack.es\/en\/wp-json\/wp\/v2\/media?parent=1633"}],"curies":[{"name":"wp","href":"https:\/\/api.w.org\/{rel}","templated":true}]}}